{"id":19,"date":"2025-04-09T11:54:01","date_gmt":"2025-04-09T09:54:01","guid":{"rendered":"https:\/\/albitar-medical.com\/?page_id=19"},"modified":"2025-12-25T00:37:04","modified_gmt":"2025-12-24T23:37:04","slug":"medecins","status":"publish","type":"page","link":"https:\/\/albitar-medical.com\/en\/medecins\/","title":{"rendered":"M\u00e9decins"},"content":{"rendered":"<section class=\"page-title page-title-layout1 bg-overlay\">\n<div class=\"bg-img\"><img decoding=\"async\" src=\"\/wp-content\/uploads\/2025\/04\/Chirugins.png\" alt=\"background\" \/><\/div>\n<div class=\"container\">\n<div class=\"row\">\n<div class=\"col-sm-12 col-md-12 col-lg-12 col-xl-5\">\n<h1 class=\"pagetitle__heading\">Meet Our Expert Cosmetic Doctors and Surgeons in Tunisia<\/h1>\n<p class=\"pagetitle__desc translation-block\">Albitar Medical brings together the best specialists in medicine and cosmetic surgery in Tunisia. Each doctor is selected for his or her expertise, proven track record and ability to provide international patients with high-quality medical care.<br>\nOur practitioners specialise in cosmetic surgery, hair transplants, orthopaedics, non-invasive cosmetic medicine, ENT and digestive surgery.<\/p>\n<p><a class=\"btn btn__primary btn__rounded\" href=\"\/en\/devis\/\">Get a quote<i class=\"icon-arrow-right\"><\/i><\/a><\/p>\n<\/div>\n<p><!-- \/.col-xl-5 --><\/p>\n<\/div>\n<p><!-- \/.row --><\/p>\n<\/div>\n<p><!-- \/.container --><\/p>\n<\/section>\n<p><!-- \/.page-title --><\/p>\n<p><!-- ======================== Team layout 2 ========================== --><\/p>\n<section class=\"team-layout2 pb-40\">\n<div class=\"container\">\n<div class=\"row\">\n<!-- Member #1 --><\/p>\n<div class=\"col-sm-6 col-md-4 col-lg-4\">\n<div class=\"member\">\n<div class=\"member__img\"><img decoding=\"async\" src=\"\/wp-content\/uploads\/2025\/04\/drMohsenGuiaa.webp\" alt=\"Dr. Mohsen Gouiaa - Chirurgien esth\u00e9tique Tunisie\" \/><\/div>\n<p><!-- \/.member-img --><\/p>\n<div class=\"member__info\">\n<h2 class=\"member__name\"><a href=\"\/en\/doctors\/dr-mohsen-gouiaa\/\">Dr. Mohsen Gouiaa<\/a><\/h2>\n<p class=\"member__job\">Maxillo-facial and aesthetic surgery<\/p>\n<p class=\"member__desc\">A renowned cosmetic surgeon in Tunisia for over 20 years, Dr Mohsen Gouiaa is an expert in facial surgery. He offers procedures such as facelifts, rhinoplasty and eyelid surgery. His human approach, his ability to listen and his technical expertise ensure natural, harmonious results.<\/p>\n<\/div>\n<p><!-- \/.member-info --><\/p>\n<\/div>\n<p><!-- \/.member --><\/p>\n<\/div>\n<p><!-- \/.col-lg-4 --><br \/>\n<!-- Member #4 --><\/p>\n<div class=\"col-sm-6 col-md-4 col-lg-4\">\n<div class=\"member\">\n<div class=\"member__img\"><img decoding=\"async\" src=\"\/wp-content\/uploads\/2025\/04\/WhatsApp-Image-2025-02-07-at-11.54.24-710x1024-1.webp\" alt=\"Dr. Aida Zouari - M\u00e9decine esth\u00e9tique Tunisie\" \/><\/div>\n<p><!-- \/.member-img --><\/p>\n<div class=\"member__info\">\n<h2 class=\"member__name\"><a href=\"\/en\/dr-aida-zouari\/\">Dr. Aida Zouari<\/a><\/h2>\n<p class=\"member__job\">Aesthetic medicine<\/p>\n<p class=\"member__desc\">A cosmetic doctor specialising in non-invasive treatments, Dr Aida Zouari offers tailor-made treatments to combat the signs of ageing: hyaluronic acid injections, botox, mesotherapy, advanced skin care. She will guide you through a gentle, gradual approach, without surgery.<\/p>\n<\/div>\n<p><!-- \/.member-info --><\/p>\n<\/div>\n<p><!-- \/.member --><\/p>\n<\/div>\n<p><!-- \/.col-lg-4 --><br \/>\n<!-- \/.col-lg-4 --><br \/>\n<!-- Member #2 --><\/p>\n<div class=\"col-sm-6 col-md-4 col-lg-4\">\n<div class=\"member\">\n<div class=\"member__img\"><img decoding=\"async\" src=\"\/wp-content\/uploads\/2025\/04\/DrSlimCharfi.webp\" alt=\"Dr. Slim charfi - Chirurgien orthop\u00e9dique et traumatologie Tunisie\" \/><\/div>\n<p><!-- \/.member-img --><\/p>\n<div class=\"member__info\">\n<h2 class=\"member__name\"><a href=\"\/en\/doctors\/dr-slim-charfi\/\">Dr. Slim charfi<\/a><\/h2>\n<p class=\"member__job\">Orthopaedic and trauma surgeon<\/p>\n<p class=\"member__desc\">A specialist in orthopaedic surgery and traumatology, Dr Slim Charfi treats complex bone and joint pathologies. He also assists patients in their post-traumatic recovery, using a comprehensive, rigorous and personalised approach.<\/p>\n<\/div>\n<p><!-- \/.member-info --><\/p>\n<\/div>\n<p><!-- \/.member --><\/p>\n<\/div>\n<p><!-- \/.col-lg-4 --><br \/>\n<!-- Member #3 --><\/p>\n<div class=\"col-sm-6 col-md-4 col-lg-4\">\n<div class=\"member\">\n<div class=\"member__img\"><img decoding=\"async\" src=\"\/wp-content\/uploads\/2025\/04\/Dr-slim-elleuch.webp\" alt=\"Dr. Slim ELLEUCH - Chirurgien de l'appareil digestif Tunisie\" \/><\/div>\n<p><!-- \/.member-img --><\/p>\n<div class=\"member__info\">\n<h2 class=\"member__name\"><a href=\"\/en\/doctors\/dr-slim-elleuch\/\">DR. SLIM ELLEUCH<\/a><\/h2>\n<p class=\"member__job\">Digestive and cosmetic surgery<\/p>\n<p class=\"member__desc\">Dr Slim Elleuch specialises in figure and abdominal surgery. He is renowned for his expertise in abdominoplasty, liposuction and post-bariatric surgery. His safe approach makes him a major player in cosmetic surgery in Tunisia.<\/p>\n<\/div>\n<p><!-- \/.member-info --><\/p>\n<\/div>\n<p><!-- \/.member --><\/p>\n<\/div>\n<p><!-- Member #5 --><\/p>\n<div class=\"col-sm-6 col-md-4 col-lg-4\">\n<div class=\"member\">\n<div class=\"member__img\"><img decoding=\"async\" src=\"\/wp-content\/uploads\/2025\/04\/DrMounirGuiapng.webp\" alt=\"Dr Mounir Gouiaa - Sp\u00e9cialiste orl Tunisie\" \/><\/div>\n<p><!-- \/.member-img --><\/p>\n<div class=\"member__info\">\n<h2 class=\"member__name\"><a href=\"\/en\/doctors\/dr-mounir-gouiaa\/\">DR. Mounir GOUIAA<\/a><\/h2>\n<p class=\"member__job\">ORL \u2013 Oto-rhino-laryngologie<\/p>\n<p class=\"member__desc\">Dr Mounir Gouiaa is a specialist in otorhinolaryngology. He provides personalised care for nasal, auditory and vocal cord pathologies. He also works with the cosmetic surgery team on cases of functional and reconstructive rhinoplasty.<\/p>\n<\/div>\n<p><!-- \/.member-info --><\/p>\n<\/div>\n<p><!-- \/.member --><\/p>\n<\/div>\n<p><!-- \/.col-lg-4 --><\/p>\n<\/div>\n<p><!-- \/.container --><\/p>\n<\/div>\n<\/section>\n<p><!-- \/.Team layout 2 --><\/p>","protected":false},"excerpt":{"rendered":"<p>Rencontrez Nos M\u00e9decins Esth\u00e9tiques et Chirurgiens Experts en Tunisie Albitar Medical r\u00e9unit les meilleurs sp\u00e9cialistes de la m\u00e9decine et de la chirurgie esth\u00e9tique en Tunisie. Chaque m\u00e9decin est s\u00e9lectionn\u00e9 pour son expertise, son parcours reconnu et sa capacit\u00e9 \u00e0 accompagner les patients internationaux dans des soins m\u00e9dicaux de haute qualit\u00e9. Nos praticiens sont sp\u00e9cialis\u00e9s dans [&hellip;]<\/p>","protected":false},"author":1,"featured_media":0,"parent":0,"menu_order":0,"comment_status":"closed","ping_status":"closed","template":"","meta":{"_acf_changed":false,"footnotes":""},"class_list":["post-19","page","type-page","status-publish","hentry"],"acf":[],"yoast_head":"<!-- This site is optimized with the Yoast SEO plugin v26.6 - https:\/\/yoast.com\/wordpress\/plugins\/seo\/ -->\n<title>Chirurgiens esth\u00e9tiques en Tunisie - Albitar medical<\/title>\n<meta name=\"description\" content=\"Trouvez les meilleurs chirurgiens esth\u00e9tiques en Tunisie et en Afrique chez Albitar medical. Nous experts ont plus de 24 ans d&#039;\u00e9xp\u00e9rience.\" \/>\n<meta name=\"robots\" content=\"index, follow, max-snippet:-1, max-image-preview:large, max-video-preview:-1\" \/>\n<link rel=\"canonical\" href=\"https:\/\/albitar-medical.com\/en\/medecins\/\" \/>\n<meta property=\"og:locale\" content=\"en_GB\" \/>\n<meta property=\"og:type\" content=\"article\" \/>\n<meta property=\"og:title\" content=\"Chirurgiens esth\u00e9tiques en Tunisie - Albitar medical\" \/>\n<meta property=\"og:description\" content=\"Trouvez les meilleurs chirurgiens esth\u00e9tiques en Tunisie et en Afrique chez Albitar medical. Nous experts ont plus de 24 ans d&#039;\u00e9xp\u00e9rience.\" \/>\n<meta property=\"og:url\" content=\"https:\/\/albitar-medical.com\/en\/medecins\/\" \/>\n<meta property=\"og:site_name\" content=\"Albitar medical\" \/>\n<meta property=\"article:publisher\" content=\"https:\/\/www.facebook.com\/people\/Albitar-Mdical\/61575324625851\/\" \/>\n<meta property=\"article:modified_time\" content=\"2025-12-24T23:37:04+00:00\" \/>\n<meta name=\"twitter:card\" content=\"summary_large_image\" \/>\n<meta name=\"twitter:label1\" content=\"Estimated reading time\" \/>\n\t<meta name=\"twitter:data1\" content=\"3 minutes\" \/>\n<script type=\"application\/ld+json\" class=\"yoast-schema-graph\">{\"@context\":\"https:\/\/schema.org\",\"@graph\":[{\"@type\":\"WebPage\",\"@id\":\"https:\/\/albitar-medical.com\/medecins\/\",\"url\":\"https:\/\/albitar-medical.com\/medecins\/\",\"name\":\"Chirurgiens esth\u00e9tiques en Tunisie - Albitar medical\",\"isPartOf\":{\"@id\":\"https:\/\/albitar-medical.com\/#website\"},\"datePublished\":\"2025-04-09T09:54:01+00:00\",\"dateModified\":\"2025-12-24T23:37:04+00:00\",\"description\":\"Trouvez les meilleurs chirurgiens esth\u00e9tiques en Tunisie et en Afrique chez Albitar medical. Nous experts ont plus de 24 ans d'\u00e9xp\u00e9rience.\",\"breadcrumb\":{\"@id\":\"https:\/\/albitar-medical.com\/medecins\/#breadcrumb\"},\"inLanguage\":\"en-GB\",\"potentialAction\":[{\"@type\":\"ReadAction\",\"target\":[\"https:\/\/albitar-medical.com\/medecins\/\"]}]},{\"@type\":\"BreadcrumbList\",\"@id\":\"https:\/\/albitar-medical.com\/medecins\/#breadcrumb\",\"itemListElement\":[{\"@type\":\"ListItem\",\"position\":1,\"name\":\"Accueil\",\"item\":\"https:\/\/albitar-medical.com\/\"},{\"@type\":\"ListItem\",\"position\":2,\"name\":\"M\u00e9decins\"}]},{\"@type\":\"WebSite\",\"@id\":\"https:\/\/albitar-medical.com\/#website\",\"url\":\"https:\/\/albitar-medical.com\/\",\"name\":\"Albitar medical\",\"description\":\"\",\"publisher\":{\"@id\":\"https:\/\/albitar-medical.com\/#organization\"},\"potentialAction\":[{\"@type\":\"SearchAction\",\"target\":{\"@type\":\"EntryPoint\",\"urlTemplate\":\"https:\/\/albitar-medical.com\/?s={search_term_string}\"},\"query-input\":{\"@type\":\"PropertyValueSpecification\",\"valueRequired\":true,\"valueName\":\"search_term_string\"}}],\"inLanguage\":\"en-GB\"},{\"@type\":\"Organization\",\"@id\":\"https:\/\/albitar-medical.com\/#organization\",\"name\":\"Albitar medical\",\"url\":\"https:\/\/albitar-medical.com\/\",\"logo\":{\"@type\":\"ImageObject\",\"inLanguage\":\"en-GB\",\"@id\":\"https:\/\/albitar-medical.com\/#\/schema\/logo\/image\/\",\"url\":\"https:\/\/albitar-medical.com\/wp-content\/uploads\/2025\/04\/logo-Albitar-medical.webp\",\"contentUrl\":\"https:\/\/albitar-medical.com\/wp-content\/uploads\/2025\/04\/logo-Albitar-medical.webp\",\"width\":205,\"height\":205,\"caption\":\"Albitar medical\"},\"image\":{\"@id\":\"https:\/\/albitar-medical.com\/#\/schema\/logo\/image\/\"},\"sameAs\":[\"https:\/\/www.facebook.com\/people\/Albitar-Mdical\/61575324625851\/\",\"https:\/\/www.linkedin.com\/company\/albitar-medical\/\"]}]}<\/script>\n<!-- \/ Yoast SEO plugin. -->","yoast_head_json":{"title":"Chirurgiens esth\u00e9tiques en Tunisie - Albitar medical","description":"Trouvez les meilleurs chirurgiens esth\u00e9tiques en Tunisie et en Afrique chez Albitar medical. Nous experts ont plus de 24 ans d'\u00e9xp\u00e9rience.","robots":{"index":"index","follow":"follow","max-snippet":"max-snippet:-1","max-image-preview":"max-image-preview:large","max-video-preview":"max-video-preview:-1"},"canonical":"https:\/\/albitar-medical.com\/en\/medecins\/","og_locale":"en_GB","og_type":"article","og_title":"Chirurgiens esth\u00e9tiques en Tunisie - Albitar medical","og_description":"Trouvez les meilleurs chirurgiens esth\u00e9tiques en Tunisie et en Afrique chez Albitar medical. Nous experts ont plus de 24 ans d'\u00e9xp\u00e9rience.","og_url":"https:\/\/albitar-medical.com\/en\/medecins\/","og_site_name":"Albitar medical","article_publisher":"https:\/\/www.facebook.com\/people\/Albitar-Mdical\/61575324625851\/","article_modified_time":"2025-12-24T23:37:04+00:00","twitter_card":"summary_large_image","twitter_misc":{"Estimated reading time":"3 minutes"},"schema":{"@context":"https:\/\/schema.org","@graph":[{"@type":"WebPage","@id":"https:\/\/albitar-medical.com\/medecins\/","url":"https:\/\/albitar-medical.com\/medecins\/","name":"Chirurgiens esth\u00e9tiques en Tunisie - Albitar medical","isPartOf":{"@id":"https:\/\/albitar-medical.com\/#website"},"datePublished":"2025-04-09T09:54:01+00:00","dateModified":"2025-12-24T23:37:04+00:00","description":"Trouvez les meilleurs chirurgiens esth\u00e9tiques en Tunisie et en Afrique chez Albitar medical. Nous experts ont plus de 24 ans d'\u00e9xp\u00e9rience.","breadcrumb":{"@id":"https:\/\/albitar-medical.com\/medecins\/#breadcrumb"},"inLanguage":"en-GB","potentialAction":[{"@type":"ReadAction","target":["https:\/\/albitar-medical.com\/medecins\/"]}]},{"@type":"BreadcrumbList","@id":"https:\/\/albitar-medical.com\/medecins\/#breadcrumb","itemListElement":[{"@type":"ListItem","position":1,"name":"Accueil","item":"https:\/\/albitar-medical.com\/"},{"@type":"ListItem","position":2,"name":"M\u00e9decins"}]},{"@type":"WebSite","@id":"https:\/\/albitar-medical.com\/#website","url":"https:\/\/albitar-medical.com\/","name":"Albitar medical","description":"","publisher":{"@id":"https:\/\/albitar-medical.com\/#organization"},"potentialAction":[{"@type":"SearchAction","target":{"@type":"EntryPoint","urlTemplate":"https:\/\/albitar-medical.com\/?s={search_term_string}"},"query-input":{"@type":"PropertyValueSpecification","valueRequired":true,"valueName":"search_term_string"}}],"inLanguage":"en-GB"},{"@type":"Organization","@id":"https:\/\/albitar-medical.com\/#organization","name":"Albitar medical","url":"https:\/\/albitar-medical.com\/","logo":{"@type":"ImageObject","inLanguage":"en-GB","@id":"https:\/\/albitar-medical.com\/#\/schema\/logo\/image\/","url":"https:\/\/albitar-medical.com\/wp-content\/uploads\/2025\/04\/logo-Albitar-medical.webp","contentUrl":"https:\/\/albitar-medical.com\/wp-content\/uploads\/2025\/04\/logo-Albitar-medical.webp","width":205,"height":205,"caption":"Albitar medical"},"image":{"@id":"https:\/\/albitar-medical.com\/#\/schema\/logo\/image\/"},"sameAs":["https:\/\/www.facebook.com\/people\/Albitar-Mdical\/61575324625851\/","https:\/\/www.linkedin.com\/company\/albitar-medical\/"]}]}},"_links":{"self":[{"href":"https:\/\/albitar-medical.com\/en\/wp-json\/wp\/v2\/pages\/19","targetHints":{"allow":["GET"]}}],"collection":[{"href":"https:\/\/albitar-medical.com\/en\/wp-json\/wp\/v2\/pages"}],"about":[{"href":"https:\/\/albitar-medical.com\/en\/wp-json\/wp\/v2\/types\/page"}],"author":[{"embeddable":true,"href":"https:\/\/albitar-medical.com\/en\/wp-json\/wp\/v2\/users\/1"}],"replies":[{"embeddable":true,"href":"https:\/\/albitar-medical.com\/en\/wp-json\/wp\/v2\/comments?post=19"}],"version-history":[{"count":12,"href":"https:\/\/albitar-medical.com\/en\/wp-json\/wp\/v2\/pages\/19\/revisions"}],"predecessor-version":[{"id":1314,"href":"https:\/\/albitar-medical.com\/en\/wp-json\/wp\/v2\/pages\/19\/revisions\/1314"}],"wp:attachment":[{"href":"https:\/\/albitar-medical.com\/en\/wp-json\/wp\/v2\/media?parent=19"}],"curies":[{"name":"wp","href":"https:\/\/api.w.org\/{rel}","templated":true}]}}