{"id":17,"date":"2025-04-09T11:53:48","date_gmt":"2025-04-09T09:53:48","guid":{"rendered":"https:\/\/albitar-medical.com\/?page_id=17"},"modified":"2025-12-25T00:34:26","modified_gmt":"2025-12-24T23:34:26","slug":"tarifs","status":"publish","type":"page","link":"https:\/\/albitar-medical.com\/en\/tarifs\/","title":{"rendered":"Tarifs"},"content":{"rendered":"<section class=\"page-title page-title-layout3\">\n<div class=\"bg-img\"><img decoding=\"async\" src=\"\/wp-content\/uploads\/2025\/04\/tarifs-2.png\" alt=\"background\" \/><\/div>\n<div class=\"container\">\n<div class=\"row\">\n<div class=\"col-sm-12 col-md-12 col-lg-12 col-xl-5\">\n<h1 class=\"pagetitle__heading\">Explore our Affordable Rates<\/h1>\n<p class=\"pagetitle__desc\">Discover our clear offers tailored to your needs, combining quality care and affordable prices for a worry-free medical stay.<\/p>\n<p><a class=\"btn btn__primary btn__rounded\" href=\"\/en\/devis\/\"><br \/>\nGet a quote<br \/>\n<i class=\"icon-arrow-right\"><\/i><br \/>\n<\/a><\/p>\n<\/div>\n<p><!-- \/.col-xl-5 --><\/p>\n<\/div>\n<p><!-- \/.row --><\/p>\n<\/div>\n<p><!-- \/.container --><\/p>\n<\/section>\n<p><!-- \/.page-title --><br \/>\n<!-- ========================= Pricing =========================== --><\/p>\n<section class=\"pricing pt-0 pb-80\">\n<div class=\"container\">\n<div class=\"row row-no-gutter packages-wrapper\">\n<p><!-- pricing item #1 (Starter Plan)--><\/p>\n<div class=\"col-sm-12 col-md-4 col-lg-4\">\n<div class=\"pricing-package\">\n<div>\n<h5 class=\"package__title tb1\">Interventions<\/h5>\n<ul class=\"package__list list-items list-items-layout2 list-unstyled\">\n<li><a href=\"\/en\/lifting-cervico-facial\/\">Lifting cervico-facial<\/a><\/li>\n<li><a href=\"\/en\/blepharoplastie\/\">Blepharoplasty<\/a><\/li>\n<li><a href=\"\/en\/bichectomie\/\">Bichectomy<\/a><\/li>\n<li><a href=\"\/en\/lipofilling-face\/\">Lipofilling face<\/a><\/li>\n<li><a href=\"\/en\/rhinoplastie\/\">Rhinoplasty<\/a><\/li>\n<li><a href=\"\/en\/otoplastie\/\">Otoplasty<\/a><\/li>\n<li><a href=\"\/en\/genioplastie\/\">Genioplasty<\/a><\/li>\n<li><a href=\"\/en\/liposuccion\/\">Liposuction<\/a><\/li>\n<li><a href=\"\/en\/liposculpture\/\">Liposculpture<\/a><\/li>\n<li><a href=\"\/en\/abdominoplastie\/\">Abdominoplasty<\/a><\/li>\n<li><a href=\"\/en\/lifting-des-bras\/\">Arm lift<\/a><\/li>\n<li><a href=\"\/en\/lifting-des-cuisses\/\">Thigh lift<\/a><\/li>\n<li><a href=\"\/en\/sleeve-gastrique\/\">Gastric Sleeve<\/a><\/li>\n<li><a href=\"\/en\/bypass\/\">Bypass<\/a><\/li>\n<li><a href=\"\/en\/lifting-des-seins\/\">Breast lift<\/a><\/li>\n<li><a href=\"\/en\/augmentation-mammaire\/\">Breast augmentation<\/a><\/li>\n<li><a href=\"\/en\/lipofilling-des-seins\/\">Breast lipofilling<\/a><\/li>\n<li><a href=\"\/en\/reduction-mammaire\/\">Breast reduction<\/a><\/li>\n<li><a href=\"\/en\/gynecomastie\/\">Gynecomastia<\/a><\/li>\n<li><a href=\"\/en\/greffe-cheveux-1-seance\/\">Hair transplant 1 session<\/a><\/li>\n<li><a href=\"\/en\/greffe-cheveux-2-seances\/\">Hair transplant 2 sessions<\/a><\/li>\n<\/ul>\n<\/div>\n<\/div>\n<p><!-- \/.pricing-package --><\/p>\n<\/div>\n<p><!-- \/.col-lg-4 --><br \/>\n<!-- pricing item #2 (Basic Plan)--><\/p>\n<div class=\"col-sm-12 col-md-4 col-lg-4\">\n<div class=\"pricing-package\">\n<div>\n<h5 class=\"package__title tb2\">Stay<\/h5>\n<ul class=\"package__list list-items list-items-layout2 list-unstyled\">\n<li>2 days at the clinic and 2 days at the hotel<\/li>\n<li>2 days at the clinic and 2 days at the hotel<\/li>\n<li>2 days at the clinic and 2 days at the hotel<\/li>\n<li>2 days at the clinic and 2 days at the hotel<\/li>\n<li>2 days at the clinic and 2 days at the hotel<\/li>\n<li>2 days at the clinic and 2 days at the hotel<\/li>\n<li>2 days at the clinic and 2 days at the hotel<\/li>\n<li>2 days at the clinic and 2 days at the hotel<\/li>\n<li>2 days at the clinic and 2 days at the hotel<\/li>\n<li>2 days at the clinic and 2 days at the hotel<\/li>\n<li>2 days at the clinic and 2 days at the hotel<\/li>\n<li>2 days at the clinic and 2 days at the hotel<\/li>\n<li>2 days at the clinic and 2 days at the hotel<\/li>\n<li>2 days at the clinic and 2 days at the hotel<\/li>\n<li>2 days at the clinic and 2 days at the hotel<\/li>\n<li>2 days at the clinic and 2 days at the hotel<\/li>\n<li>2 days at the clinic and 2 days at the hotel<\/li>\n<li>&#8212;<\/li>\n<li>&#8212;<\/li>\n<\/ul>\n<\/div>\n<\/div>\n<p><!-- \/.pricing-package --><\/p>\n<\/div>\n<p><!-- \/.col-lg-4 --><br \/>\n<!-- pricing item #3 (Advanced Plan)--><\/p>\n<div class=\"col-sm-12 col-md-4 col-lg-4\">\n<div class=\"pricing-package\">\n<div>\n<h5 class=\"package__title tb3\">Tarifs et prix des chirurgies esth\u00e9tiques Tunisie : \u00c0 partir de<\/h5>\n<ul class=\"package__list list-items list-items-layout2 list-unstyled\">\n<li>2000 \u20ac<\/li>\n<li>1500 \u20ac<\/li>\n<li>1450 \u20ac<\/li>\n<li>1600 \u20ac<\/li>\n<li>1950 \u20ac<\/li>\n<li>1600 \u20ac<\/li>\n<li>1450 \u20ac<\/li>\n<li>1600 \u20ac<\/li>\n<li>2800 \u20ac<\/li>\n<li>1800 \u20ac<\/li>\n<li>1900 \u20ac<\/li>\n<li>1800 \u20ac<\/li>\n<li>2900 \u20ac<\/li>\n<li>3400 \u20ac<\/li>\n<li>1800 \u20ac<\/li>\n<li>2200 \u20ac<\/li>\n<li>2000 \u20ac<\/li>\n<li>1900 \u20ac<\/li>\n<li>2000 \u20ac<\/li>\n<li>1500 \u20ac \u2192 2000 \u20ac<\/li>\n<li>2000 \u20ac \u2192 2500 \u20ac<\/li>\n<\/ul>\n<\/div>\n<\/div>\n<p><!-- \/.pricing-package --><\/p>\n<\/div>\n<p><!-- \/.col-lg-4 --><\/p>\n<\/div>\n<p><!-- \/.row --><\/p>\n<\/div>\n<p><!-- \/.container --><\/p>\n<\/section>\n<p><!-- \/.pricing --><\/p>\n<section class=\"about-layout2 pb-0 tb\">\n<div class=\"container\">\n<div class=\"row\">\n<div class=\"col-sm-12 col-md-12 col-lg-7 offset-lg-1\">\n<div class=\"heading-layout2\">\n<h3 class=\"heading__title mb-60\">Medical Service Included<\/h3>\n<\/div>\n<p><!-- \/heading --><\/p>\n<\/div>\n<p><!-- \/.col-12 --><\/p>\n<\/div>\n<p><!-- \/.row --><\/p>\n<div class=\"row\">\n<p><!-- \/.col-lg-6 --><\/p>\n<div class=\"col-sm-12 col-md-12 col-lg-7\">\n<div class=\"about__text bg-white\">\n<p class=\"heading__desc mb-30\">Benefit from comprehensive care including accommodation, consultations, surgery, post-operative care and transport for a carefree medical stay.<\/p>\n<ul class=\"list-items list-unstyled\">\n<li>Transport airport - clinic - hotel<\/li>\n<li>Dressings and compression garments<\/li>\n<li>Hotel stay<\/li>\n<li>Stay at the clinic<\/li>\n<li>Consultation<\/li>\n<li>Surgeon<\/li>\n<li>Anaesthesia<\/li>\n<\/ul>\n<\/div>\n<h3 class=\"heading__title mb-60\">Not included<\/h3>\n<ul class=\"list-items list-unstyled tb\">\n<li>Plane ticket<\/li>\n<li>Personal expenses<\/li>\n<li>Check-up and\/or radiology<\/li>\n<li>Medical prescription on leaving the clinic<\/li>\n<\/ul>\n<\/div>\n<div class=\"col-sm-12 col-md-12 col-lg-5\">\n<div class=\"video-banner-layout2 bg-overlay\"><img decoding=\"async\" class=\"w-100\" src=\"\/wp-content\/uploads\/2025\/04\/Service-Medical-Tout-inclus.png\" alt=\"Tarif chirurgie esth\u00e9tique Tunisie\" \/><\/div>\n<p><!-- \/.video-banner --><\/p>\n<\/div>\n<p><!-- \/.col-lg-6 --><\/p>\n<\/div>\n<p><!-- \/.row --><\/p>\n<\/div>\n<p><!-- \/.container --><\/p>\n<\/section>","protected":false},"excerpt":{"rendered":"<p>Explorez Nos Tarifs Accessibles D\u00e9couvrez nos offres claires et adapt\u00e9es \u00e0 vos besoins, alliant qualit\u00e9 des soins et tarifs accessibles pour un s\u00e9jour m\u00e9dical en toute s\u00e9r\u00e9nit\u00e9. Demandez devis Interventions Lifting cervico-facial Bl\u00e9pharoplastie Bichectomie Lipofilling face Rhinoplastie Otoplastie G\u00e9nioplastie Liposuccion Liposculpture Abdominoplastie Lifting des bras Lifting des cuisses Sleeve Gastrique Bypass Lifting des seins Augmentation [&hellip;]<\/p>","protected":false},"author":1,"featured_media":0,"parent":0,"menu_order":0,"comment_status":"closed","ping_status":"closed","template":"","meta":{"_acf_changed":false,"footnotes":""},"class_list":["post-17","page","type-page","status-publish","hentry"],"acf":[],"yoast_head":"<!-- This site is optimized with the Yoast SEO plugin v26.6 - https:\/\/yoast.com\/wordpress\/plugins\/seo\/ -->\n<title>Tarifs et prix chirurgie esth\u00e9tique Tunisie | Albitar medical<\/title>\n<meta name=\"description\" content=\"Trouvez les meilleurs prix des chirurgies esth\u00e9tiques en Tunisie et en Afrique du Nord chez Albitar medical. Les r\u00e9sultats sont garantis.\" \/>\n<meta name=\"robots\" content=\"index, follow, max-snippet:-1, max-image-preview:large, max-video-preview:-1\" \/>\n<link rel=\"canonical\" href=\"https:\/\/albitar-medical.com\/en\/tarifs\/\" \/>\n<meta property=\"og:locale\" content=\"en_GB\" \/>\n<meta property=\"og:type\" content=\"article\" \/>\n<meta property=\"og:title\" content=\"Tarifs et prix chirurgie esth\u00e9tique Tunisie | Albitar medical\" \/>\n<meta property=\"og:description\" content=\"Trouvez les meilleurs prix des chirurgies esth\u00e9tiques en Tunisie et en Afrique du Nord chez Albitar medical. Les r\u00e9sultats sont garantis.\" \/>\n<meta property=\"og:url\" content=\"https:\/\/albitar-medical.com\/en\/tarifs\/\" \/>\n<meta property=\"og:site_name\" content=\"Albitar medical\" \/>\n<meta property=\"article:publisher\" content=\"https:\/\/www.facebook.com\/people\/Albitar-Mdical\/61575324625851\/\" \/>\n<meta property=\"article:modified_time\" content=\"2025-12-24T23:34:26+00:00\" \/>\n<meta name=\"twitter:card\" content=\"summary_large_image\" \/>\n<meta name=\"twitter:label1\" content=\"Estimated reading time\" \/>\n\t<meta name=\"twitter:data1\" content=\"3 minutes\" \/>\n<script type=\"application\/ld+json\" class=\"yoast-schema-graph\">{\"@context\":\"https:\/\/schema.org\",\"@graph\":[{\"@type\":\"WebPage\",\"@id\":\"https:\/\/albitar-medical.com\/tarifs\/\",\"url\":\"https:\/\/albitar-medical.com\/tarifs\/\",\"name\":\"Tarifs et prix chirurgie esth\u00e9tique Tunisie | Albitar medical\",\"isPartOf\":{\"@id\":\"https:\/\/albitar-medical.com\/#website\"},\"datePublished\":\"2025-04-09T09:53:48+00:00\",\"dateModified\":\"2025-12-24T23:34:26+00:00\",\"description\":\"Trouvez les meilleurs prix des chirurgies esth\u00e9tiques en Tunisie et en Afrique du Nord chez Albitar medical. Les r\u00e9sultats sont garantis.\",\"breadcrumb\":{\"@id\":\"https:\/\/albitar-medical.com\/tarifs\/#breadcrumb\"},\"inLanguage\":\"en-GB\",\"potentialAction\":[{\"@type\":\"ReadAction\",\"target\":[\"https:\/\/albitar-medical.com\/tarifs\/\"]}]},{\"@type\":\"BreadcrumbList\",\"@id\":\"https:\/\/albitar-medical.com\/tarifs\/#breadcrumb\",\"itemListElement\":[{\"@type\":\"ListItem\",\"position\":1,\"name\":\"Accueil\",\"item\":\"https:\/\/albitar-medical.com\/\"},{\"@type\":\"ListItem\",\"position\":2,\"name\":\"Tarifs\"}]},{\"@type\":\"WebSite\",\"@id\":\"https:\/\/albitar-medical.com\/#website\",\"url\":\"https:\/\/albitar-medical.com\/\",\"name\":\"Albitar medical\",\"description\":\"\",\"publisher\":{\"@id\":\"https:\/\/albitar-medical.com\/#organization\"},\"potentialAction\":[{\"@type\":\"SearchAction\",\"target\":{\"@type\":\"EntryPoint\",\"urlTemplate\":\"https:\/\/albitar-medical.com\/?s={search_term_string}\"},\"query-input\":{\"@type\":\"PropertyValueSpecification\",\"valueRequired\":true,\"valueName\":\"search_term_string\"}}],\"inLanguage\":\"en-GB\"},{\"@type\":\"Organization\",\"@id\":\"https:\/\/albitar-medical.com\/#organization\",\"name\":\"Albitar medical\",\"url\":\"https:\/\/albitar-medical.com\/\",\"logo\":{\"@type\":\"ImageObject\",\"inLanguage\":\"en-GB\",\"@id\":\"https:\/\/albitar-medical.com\/#\/schema\/logo\/image\/\",\"url\":\"https:\/\/albitar-medical.com\/wp-content\/uploads\/2025\/04\/logo-Albitar-medical.webp\",\"contentUrl\":\"https:\/\/albitar-medical.com\/wp-content\/uploads\/2025\/04\/logo-Albitar-medical.webp\",\"width\":205,\"height\":205,\"caption\":\"Albitar medical\"},\"image\":{\"@id\":\"https:\/\/albitar-medical.com\/#\/schema\/logo\/image\/\"},\"sameAs\":[\"https:\/\/www.facebook.com\/people\/Albitar-Mdical\/61575324625851\/\",\"https:\/\/www.linkedin.com\/company\/albitar-medical\/\"]}]}<\/script>\n<!-- \/ Yoast SEO plugin. -->","yoast_head_json":{"title":"Tarifs et prix chirurgie esth\u00e9tique Tunisie | Albitar medical","description":"Trouvez les meilleurs prix des chirurgies esth\u00e9tiques en Tunisie et en Afrique du Nord chez Albitar medical. Les r\u00e9sultats sont garantis.","robots":{"index":"index","follow":"follow","max-snippet":"max-snippet:-1","max-image-preview":"max-image-preview:large","max-video-preview":"max-video-preview:-1"},"canonical":"https:\/\/albitar-medical.com\/en\/tarifs\/","og_locale":"en_GB","og_type":"article","og_title":"Tarifs et prix chirurgie esth\u00e9tique Tunisie | Albitar medical","og_description":"Trouvez les meilleurs prix des chirurgies esth\u00e9tiques en Tunisie et en Afrique du Nord chez Albitar medical. Les r\u00e9sultats sont garantis.","og_url":"https:\/\/albitar-medical.com\/en\/tarifs\/","og_site_name":"Albitar medical","article_publisher":"https:\/\/www.facebook.com\/people\/Albitar-Mdical\/61575324625851\/","article_modified_time":"2025-12-24T23:34:26+00:00","twitter_card":"summary_large_image","twitter_misc":{"Estimated reading time":"3 minutes"},"schema":{"@context":"https:\/\/schema.org","@graph":[{"@type":"WebPage","@id":"https:\/\/albitar-medical.com\/tarifs\/","url":"https:\/\/albitar-medical.com\/tarifs\/","name":"Tarifs et prix chirurgie esth\u00e9tique Tunisie | Albitar medical","isPartOf":{"@id":"https:\/\/albitar-medical.com\/#website"},"datePublished":"2025-04-09T09:53:48+00:00","dateModified":"2025-12-24T23:34:26+00:00","description":"Trouvez les meilleurs prix des chirurgies esth\u00e9tiques en Tunisie et en Afrique du Nord chez Albitar medical. Les r\u00e9sultats sont garantis.","breadcrumb":{"@id":"https:\/\/albitar-medical.com\/tarifs\/#breadcrumb"},"inLanguage":"en-GB","potentialAction":[{"@type":"ReadAction","target":["https:\/\/albitar-medical.com\/tarifs\/"]}]},{"@type":"BreadcrumbList","@id":"https:\/\/albitar-medical.com\/tarifs\/#breadcrumb","itemListElement":[{"@type":"ListItem","position":1,"name":"Accueil","item":"https:\/\/albitar-medical.com\/"},{"@type":"ListItem","position":2,"name":"Tarifs"}]},{"@type":"WebSite","@id":"https:\/\/albitar-medical.com\/#website","url":"https:\/\/albitar-medical.com\/","name":"Albitar medical","description":"","publisher":{"@id":"https:\/\/albitar-medical.com\/#organization"},"potentialAction":[{"@type":"SearchAction","target":{"@type":"EntryPoint","urlTemplate":"https:\/\/albitar-medical.com\/?s={search_term_string}"},"query-input":{"@type":"PropertyValueSpecification","valueRequired":true,"valueName":"search_term_string"}}],"inLanguage":"en-GB"},{"@type":"Organization","@id":"https:\/\/albitar-medical.com\/#organization","name":"Albitar medical","url":"https:\/\/albitar-medical.com\/","logo":{"@type":"ImageObject","inLanguage":"en-GB","@id":"https:\/\/albitar-medical.com\/#\/schema\/logo\/image\/","url":"https:\/\/albitar-medical.com\/wp-content\/uploads\/2025\/04\/logo-Albitar-medical.webp","contentUrl":"https:\/\/albitar-medical.com\/wp-content\/uploads\/2025\/04\/logo-Albitar-medical.webp","width":205,"height":205,"caption":"Albitar medical"},"image":{"@id":"https:\/\/albitar-medical.com\/#\/schema\/logo\/image\/"},"sameAs":["https:\/\/www.facebook.com\/people\/Albitar-Mdical\/61575324625851\/","https:\/\/www.linkedin.com\/company\/albitar-medical\/"]}]}},"_links":{"self":[{"href":"https:\/\/albitar-medical.com\/en\/wp-json\/wp\/v2\/pages\/17","targetHints":{"allow":["GET"]}}],"collection":[{"href":"https:\/\/albitar-medical.com\/en\/wp-json\/wp\/v2\/pages"}],"about":[{"href":"https:\/\/albitar-medical.com\/en\/wp-json\/wp\/v2\/types\/page"}],"author":[{"embeddable":true,"href":"https:\/\/albitar-medical.com\/en\/wp-json\/wp\/v2\/users\/1"}],"replies":[{"embeddable":true,"href":"https:\/\/albitar-medical.com\/en\/wp-json\/wp\/v2\/comments?post=17"}],"version-history":[{"count":14,"href":"https:\/\/albitar-medical.com\/en\/wp-json\/wp\/v2\/pages\/17\/revisions"}],"predecessor-version":[{"id":1313,"href":"https:\/\/albitar-medical.com\/en\/wp-json\/wp\/v2\/pages\/17\/revisions\/1313"}],"wp:attachment":[{"href":"https:\/\/albitar-medical.com\/en\/wp-json\/wp\/v2\/media?parent=17"}],"curies":[{"name":"wp","href":"https:\/\/api.w.org\/{rel}","templated":true}]}}