{"id":1173,"date":"2025-06-18T13:16:20","date_gmt":"2025-06-18T11:16:20","guid":{"rendered":"https:\/\/albitar-medical.com\/?page_id=1173"},"modified":"2025-06-18T13:20:29","modified_gmt":"2025-06-18T11:20:29","slug":"genioplastie","status":"publish","type":"page","link":"https:\/\/albitar-medical.com\/en\/genioplastie\/","title":{"rendered":"Genioplasty"},"content":{"rendered":"<p><!-- SECTION: Titre de page --><\/p>\n<section class=\"page-title page-title-layout1 bg-overlay\">\n<div class=\"bg-img\">\n    <img decoding=\"async\" src=\"\/wp-content\/uploads\/2025\/04\/Chirugins.png\" alt=\"G\u00e9nioplastie Tunisie\" \/>\n  <\/div>\n<div class=\"container\">\n<div class=\"row\">\n<div class=\"col-xl-5\">\n<h1 class=\"pagetitle__heading tz\">G\u00e9nioplastie en Tunisie<\/h1>\n<p class=\"pagetitle__desc\">\n          Harmonisez votre profil gr\u00e2ce \u00e0 la chirurgie esth\u00e9tique du menton\n        <\/p>\n<\/p><\/div>\n<\/p><\/div>\n<\/p><\/div>\n<\/section>\n<p><!-- SECTION: D\u00e9finition --><\/p>\n<section class=\"about-layout2 pb-0 tb\">\n<div class=\"container\">\n<div class=\"row\">\n<div class=\"col-lg-7 offset-lg-1\">\n<div class=\"heading-layout2\">\n<h2 class=\"heading__title mb-60 tz\">Qu\u2019est-ce que la g\u00e9nioplastie ?<\/h2>\n<\/p><\/div>\n<article class=\"about__text bg-white\">\n<p class=\"heading__desc mb-30\">\n            La g\u00e9nioplastie est une intervention de chirurgie esth\u00e9tique du visage visant \u00e0 modifier la forme du menton pour r\u00e9\u00e9quilibrer le profil facial. Elle permet de corriger un menton trop en retrait (fuyant), trop avanc\u00e9, asym\u00e9trique ou trop long.<\/p>\n<p>            Cette chirurgie peut transformer l\u2019harmonie du visage en cr\u00e9ant un alignement naturel entre le nez, les l\u00e8vres et le menton, dans le cadre d\u2019une profiloplastie compl\u00e8te.\n          <\/p>\n<\/article><\/div>\n<div class=\"col-lg-5\">\n<figure class=\"video-banner-layout2 bg-overlay tbz\">\n          <img decoding=\"async\" class=\"w-100\" src=\"\/wp-content\/uploads\/2025\/06\/Fichier-4commerce-et-dist.jpg\" alt=\"G\u00e9nioplastie visage Tunisie\" \/><br \/>\n        <\/figure>\n<\/p><\/div>\n<\/p><\/div>\n<\/p><\/div>\n<\/section>\n<p><!-- SECTION: \u00c0 qui s'adresse --><\/p>\n<section class=\"about-layout2 pb-0 tb\">\n<div class=\"container\">\n<div class=\"row\">\n<div class=\"col-lg-6\">\n<div class=\"heading-layout2\">\n<h2 class=\"heading__title mb-30 tbz\">\u00c0 qui s\u2019adresse cette intervention ?<\/h2>\n<\/p><\/div>\n<article class=\"about__text bg-white tb\">\n<p class=\"heading__desc mb-30\">La g\u00e9nioplastie est recommand\u00e9e pour :<\/p>\n<ul class=\"list-items list-unstyled\">\n<li>Les patients ayant un menton fuyant, ce qui accentue le nez ou cr\u00e9e un profil d\u00e9s\u00e9quilibr\u00e9<\/li>\n<li>Ceux pr\u00e9sentant un menton trop avanc\u00e9 ou trop projet\u00e9, \u00e0 corriger pour plus d\u2019harmonie<\/li>\n<li>Les personnes souffrant de d\u00e9faut d\u2019alignement facial (avec ou sans probl\u00e8mes dento-maxillaires)<\/li>\n<li>Hommes et femmes d\u00e8s 18 ans, une fois la croissance osseuse termin\u00e9e<\/li>\n<\/ul>\n<p class=\"heading__desc mb-30\">\n            La g\u00e9nioplastie peut \u00eatre esth\u00e9tique ou fonctionnelle (en compl\u00e9ment d\u2019une chirurgie orthodontique ou maxillaire).\n          <\/p>\n<\/article><\/div>\n<\/p><\/div>\n<\/p><\/div>\n<\/section>\n<p><!-- SECTION: D\u00e9roulement --><\/p>\n<section class=\"about-layout2 pb-0 tbz\">\n<div class=\"container\">\n<div class=\"row\">\n<div class=\"col-lg-6\">\n<div class=\"heading-layout2\">\n<h2 class=\"heading__title mb-30 tbz\">Comment se d\u00e9roule une g\u00e9nioplastie ?<\/h2>\n<\/p><\/div>\n<article class=\"about__text bg-white tb\">\n<p class=\"heading__desc mb-30\">\n            L\u2019intervention est r\u00e9alis\u00e9e :\n          <\/p>\n<ul class=\"list-items list-unstyled\">\n<li>Sous anesth\u00e9sie g\u00e9n\u00e9rale, en ambulatoire ou avec une nuit d\u2019hospitalisation<\/li>\n<li>Dur\u00e9e moyenne : 1h30 \u00e0 2h<\/li>\n<\/ul>\n<p class=\"heading__desc mb-30\">\n            Il existe deux grandes techniques :\n          <\/p>\n<ul class=\"list-items list-unstyled\">\n<li><strong>G\u00e9nioplastie par ost\u00e9otomie<\/strong> : le chirurgien sectionne l\u2019os du menton, puis le repositionne (en avant, en arri\u00e8re ou verticalement)<\/li>\n<li><strong>G\u00e9nioplastie par implant<\/strong> : en cas de menton fuyant, une proth\u00e8se en silicone biocompatible est ins\u00e9r\u00e9e via une incision interne (invisible)<\/li>\n<\/ul>\n<p class=\"heading__desc mb-30\">\n            Le choix d\u00e9pend de votre morphologie et de l\u2019objectif recherch\u00e9.\n          <\/p>\n<\/article><\/div>\n<\/p><\/div>\n<\/p><\/div>\n<\/section>\n<p><!-- SECTION: R\u00e9sultats attendus --><\/p>\n<section class=\"about-layout2 pb-0 tb\">\n<div class=\"container\">\n<div class=\"row align-items-center\">\n<div class=\"col-lg-6\">\n<figure class=\"image-banner-layout2 bg-overlay\">\n          <img decoding=\"async\" class=\"w-100\" src=\"\/wp-content\/uploads\/2025\/06\/Fichier-6commerce-et-dist.jpg\" alt=\"Avant apr\u00e8s g\u00e9nioplastie Tunisie\" \/><br \/>\n        <\/figure>\n<\/p><\/div>\n<div class=\"col-lg-6\">\n<div class=\"heading-layout2\">\n<h2 class=\"heading__title mb-30\">Quels r\u00e9sultats attendre ?<\/h2>\n<\/p><\/div>\n<article class=\"about__text bg-white tb\">\n<ul class=\"list-items list-unstyled\">\n<li>Am\u00e9lioration de l\u2019\u00e9quilibre du visage<\/li>\n<li>Profil plus harmonieux, avec un menton bien positionn\u00e9<\/li>\n<li>Correction de l\u2019asym\u00e9trie ou du recul mandibulaire<\/li>\n<li>Rendu naturel et durable, sans modification des expressions<\/li>\n<\/ul>\n<p class=\"heading__desc mb-30\">\n            Les cicatrices sont invisibles (incision interne dans la bouche).\n          <\/p>\n<\/article><\/div>\n<\/p><\/div>\n<\/p><\/div>\n<\/section>\n<p><!-- SECTION: Pourquoi la Tunisie --><\/p>\n<section class=\"about-layout2 pb-0 tby\">\n<div class=\"container\">\n<div class=\"row\">\n<div class=\"col-lg-6\">\n<div class=\"heading-layout2\">\n<h2 class=\"heading__title mb-30 tbz\">Pourquoi faire une g\u00e9nioplastie en Tunisie ?<\/h2>\n<\/p><\/div>\n<article class=\"about__text bg-white tb\">\n<p class=\"heading__desc mb-30\">\n            La Tunisie est une destination de r\u00e9f\u00e9rence pour la chirurgie du profil, avec :\n          <\/p>\n<ul class=\"list-items list-unstyled\">\n<li>Des chirurgiens esth\u00e9tiques exp\u00e9riment\u00e9s, sp\u00e9cialis\u00e9s en chirurgie maxillo-faciale<\/li>\n<li>Des cliniques \u00e9quip\u00e9es de blocs modernes et normes de s\u00e9curit\u00e9 \u00e9lev\u00e9es<\/li>\n<li>Un prix comp\u00e9titif, en moyenne 50 \u00e0 70 % moins \u00e9lev\u00e9 qu\u2019en Europe<\/li>\n<li>Une prise en charge globale, personnalis\u00e9e et francophone avec Albitar Medical<\/li>\n<li>Possibilit\u00e9 d\u2019associer la g\u00e9nioplastie \u00e0 une rhinoplastie pour une profiloplastie compl\u00e8te<\/li>\n<\/ul>\n<\/article><\/div>\n<\/p><\/div>\n<\/p><\/div>\n<\/section>\n<p><!-- SECTION: FAQ --><\/p>\n<section class=\"faq pt-120 pb-70 tbze\">\n<div class=\"container\">\n<div class=\"row\">\n<div class=\"col-lg-8 tbe\" id=\"accordion\">\n<div class=\"heading-layout2\">\n<h2 class=\"heading__title mb-60\">Questions fr\u00e9quentes<\/h2>\n<\/p><\/div>\n<div class=\"accordion-item opened\">\n<div class=\"accordion__header\" data-toggle=\"collapse\" data-target=\"#collapse1\" aria-expanded=\"true\">\n            <a class=\"accordion__title\" href=\"#\">La chirurgie du menton est-elle douloureuse ?<\/a>\n          <\/div>\n<div id=\"collapse1\" class=\"collapse show\" data-parent=\"#accordion\">\n<div class=\"accordion__body\">\n<p>Peu douloureuse. Un gonflement et une g\u00eane \u00e0 la mastication peuvent survenir, bien g\u00e9r\u00e9s par des antalgiques.<\/p>\n<\/p><\/div>\n<\/p><\/div>\n<\/p><\/div>\n<div class=\"accordion-item\">\n<div class=\"accordion__header\" data-toggle=\"collapse\" data-target=\"#collapse2\" aria-expanded=\"false\">\n            <a class=\"accordion__title\" href=\"#\">Combien de temps dure l\u2019arr\u00eat ?<\/a>\n          <\/div>\n<div id=\"collapse2\" class=\"collapse\" data-parent=\"#accordion\">\n<div class=\"accordion__body\">\n<p>Environ 7 \u00e0 10 jours sont recommand\u00e9s avant de reprendre une activit\u00e9 sociale ou professionnelle.<\/p>\n<\/p><\/div>\n<\/p><\/div>\n<\/p><\/div>\n<div class=\"accordion-item\">\n<div class=\"accordion__header\" data-toggle=\"collapse\" data-target=\"#collapse3\" aria-expanded=\"false\">\n            <a class=\"accordion__title\" href=\"#\">Y a-t-il des cicatrices ?<\/a>\n          <\/div>\n<div id=\"collapse3\" class=\"collapse\" data-parent=\"#accordion\">\n<div class=\"accordion__body\">\n<p>Non visibles. L\u2019incision est souvent r\u00e9alis\u00e9e \u00e0 l\u2019int\u00e9rieur de la bouche.<\/p>\n<\/p><\/div>\n<\/p><\/div>\n<\/p><\/div>\n<div class=\"accordion-item\">\n<div class=\"accordion__header\" data-toggle=\"collapse\" data-target=\"#collapse4\" aria-expanded=\"false\">\n            <a class=\"accordion__title\" href=\"#\">Les r\u00e9sultats sont-ils permanents ?<\/a>\n          <\/div>\n<div id=\"collapse4\" class=\"collapse\" data-parent=\"#accordion\">\n<div class=\"accordion__body\">\n<p>Oui. Que ce soit par ost\u00e9otomie ou implant, le r\u00e9sultat est stable et durable.<\/p>\n<\/p><\/div>\n<\/p><\/div>\n<\/p><\/div>\n<\/p><\/div>\n<\/p><\/div>\n<\/p><\/div>\n<\/section>","protected":false},"excerpt":{"rendered":"<p>G\u00e9nioplastie en Tunisie Harmonisez votre profil gr\u00e2ce \u00e0 la chirurgie esth\u00e9tique du menton Qu\u2019est-ce que la g\u00e9nioplastie ? La g\u00e9nioplastie est une intervention de chirurgie esth\u00e9tique du visage visant \u00e0 modifier la forme du menton pour r\u00e9\u00e9quilibrer le profil facial. Elle permet de corriger un menton trop en retrait (fuyant), trop avanc\u00e9, asym\u00e9trique ou trop [&hellip;]<\/p>","protected":false},"author":1,"featured_media":0,"parent":0,"menu_order":0,"comment_status":"closed","ping_status":"closed","template":"","meta":{"_acf_changed":false,"footnotes":""},"class_list":["post-1173","page","type-page","status-publish","hentry"],"acf":[],"yoast_head":"<!-- This site is optimized with the Yoast SEO plugin v26.6 - https:\/\/yoast.com\/wordpress\/plugins\/seo\/ -->\n<title>G\u00e9nioplastie - Albitar medical<\/title>\n<meta name=\"robots\" content=\"index, follow, max-snippet:-1, max-image-preview:large, max-video-preview:-1\" \/>\n<link rel=\"canonical\" href=\"https:\/\/albitar-medical.com\/en\/genioplastie\/\" \/>\n<meta property=\"og:locale\" content=\"en_GB\" \/>\n<meta property=\"og:type\" content=\"article\" \/>\n<meta property=\"og:title\" content=\"G\u00e9nioplastie - Albitar medical\" \/>\n<meta property=\"og:description\" content=\"G\u00e9nioplastie en Tunisie Harmonisez votre profil gr\u00e2ce \u00e0 la chirurgie esth\u00e9tique du menton Qu\u2019est-ce que la g\u00e9nioplastie ? La g\u00e9nioplastie est une intervention de chirurgie esth\u00e9tique du visage visant \u00e0 modifier la forme du menton pour r\u00e9\u00e9quilibrer le profil facial. Elle permet de corriger un menton trop en retrait (fuyant), trop avanc\u00e9, asym\u00e9trique ou trop [&hellip;]\" \/>\n<meta property=\"og:url\" content=\"https:\/\/albitar-medical.com\/en\/genioplastie\/\" \/>\n<meta property=\"og:site_name\" content=\"Albitar medical\" \/>\n<meta property=\"article:publisher\" content=\"https:\/\/www.facebook.com\/people\/Albitar-Mdical\/61575324625851\/\" \/>\n<meta property=\"article:modified_time\" content=\"2025-06-18T11:20:29+00:00\" \/>\n<meta name=\"twitter:card\" content=\"summary_large_image\" \/>\n<meta name=\"twitter:label1\" content=\"Estimated reading time\" \/>\n\t<meta name=\"twitter:data1\" content=\"3 minutes\" \/>\n<script type=\"application\/ld+json\" class=\"yoast-schema-graph\">{\"@context\":\"https:\/\/schema.org\",\"@graph\":[{\"@type\":\"WebPage\",\"@id\":\"https:\/\/albitar-medical.com\/genioplastie\/\",\"url\":\"https:\/\/albitar-medical.com\/genioplastie\/\",\"name\":\"G\u00e9nioplastie - Albitar medical\",\"isPartOf\":{\"@id\":\"https:\/\/albitar-medical.com\/#website\"},\"datePublished\":\"2025-06-18T11:16:20+00:00\",\"dateModified\":\"2025-06-18T11:20:29+00:00\",\"breadcrumb\":{\"@id\":\"https:\/\/albitar-medical.com\/genioplastie\/#breadcrumb\"},\"inLanguage\":\"en-GB\",\"potentialAction\":[{\"@type\":\"ReadAction\",\"target\":[\"https:\/\/albitar-medical.com\/genioplastie\/\"]}]},{\"@type\":\"BreadcrumbList\",\"@id\":\"https:\/\/albitar-medical.com\/genioplastie\/#breadcrumb\",\"itemListElement\":[{\"@type\":\"ListItem\",\"position\":1,\"name\":\"Accueil\",\"item\":\"https:\/\/albitar-medical.com\/\"},{\"@type\":\"ListItem\",\"position\":2,\"name\":\"G\u00e9nioplastie\"}]},{\"@type\":\"WebSite\",\"@id\":\"https:\/\/albitar-medical.com\/#website\",\"url\":\"https:\/\/albitar-medical.com\/\",\"name\":\"Albitar medical\",\"description\":\"\",\"publisher\":{\"@id\":\"https:\/\/albitar-medical.com\/#organization\"},\"potentialAction\":[{\"@type\":\"SearchAction\",\"target\":{\"@type\":\"EntryPoint\",\"urlTemplate\":\"https:\/\/albitar-medical.com\/?s={search_term_string}\"},\"query-input\":{\"@type\":\"PropertyValueSpecification\",\"valueRequired\":true,\"valueName\":\"search_term_string\"}}],\"inLanguage\":\"en-GB\"},{\"@type\":\"Organization\",\"@id\":\"https:\/\/albitar-medical.com\/#organization\",\"name\":\"Albitar medical\",\"url\":\"https:\/\/albitar-medical.com\/\",\"logo\":{\"@type\":\"ImageObject\",\"inLanguage\":\"en-GB\",\"@id\":\"https:\/\/albitar-medical.com\/#\/schema\/logo\/image\/\",\"url\":\"https:\/\/albitar-medical.com\/wp-content\/uploads\/2025\/04\/logo-Albitar-medical.webp\",\"contentUrl\":\"https:\/\/albitar-medical.com\/wp-content\/uploads\/2025\/04\/logo-Albitar-medical.webp\",\"width\":205,\"height\":205,\"caption\":\"Albitar medical\"},\"image\":{\"@id\":\"https:\/\/albitar-medical.com\/#\/schema\/logo\/image\/\"},\"sameAs\":[\"https:\/\/www.facebook.com\/people\/Albitar-Mdical\/61575324625851\/\",\"https:\/\/www.linkedin.com\/company\/albitar-medical\/\"]}]}<\/script>\n<!-- \/ Yoast SEO plugin. -->","yoast_head_json":{"title":"G\u00e9nioplastie - Albitar medical","robots":{"index":"index","follow":"follow","max-snippet":"max-snippet:-1","max-image-preview":"max-image-preview:large","max-video-preview":"max-video-preview:-1"},"canonical":"https:\/\/albitar-medical.com\/en\/genioplastie\/","og_locale":"en_GB","og_type":"article","og_title":"G\u00e9nioplastie - Albitar medical","og_description":"G\u00e9nioplastie en Tunisie Harmonisez votre profil gr\u00e2ce \u00e0 la chirurgie esth\u00e9tique du menton Qu\u2019est-ce que la g\u00e9nioplastie ? La g\u00e9nioplastie est une intervention de chirurgie esth\u00e9tique du visage visant \u00e0 modifier la forme du menton pour r\u00e9\u00e9quilibrer le profil facial. Elle permet de corriger un menton trop en retrait (fuyant), trop avanc\u00e9, asym\u00e9trique ou trop [&hellip;]","og_url":"https:\/\/albitar-medical.com\/en\/genioplastie\/","og_site_name":"Albitar medical","article_publisher":"https:\/\/www.facebook.com\/people\/Albitar-Mdical\/61575324625851\/","article_modified_time":"2025-06-18T11:20:29+00:00","twitter_card":"summary_large_image","twitter_misc":{"Estimated reading time":"3 minutes"},"schema":{"@context":"https:\/\/schema.org","@graph":[{"@type":"WebPage","@id":"https:\/\/albitar-medical.com\/genioplastie\/","url":"https:\/\/albitar-medical.com\/genioplastie\/","name":"G\u00e9nioplastie - Albitar medical","isPartOf":{"@id":"https:\/\/albitar-medical.com\/#website"},"datePublished":"2025-06-18T11:16:20+00:00","dateModified":"2025-06-18T11:20:29+00:00","breadcrumb":{"@id":"https:\/\/albitar-medical.com\/genioplastie\/#breadcrumb"},"inLanguage":"en-GB","potentialAction":[{"@type":"ReadAction","target":["https:\/\/albitar-medical.com\/genioplastie\/"]}]},{"@type":"BreadcrumbList","@id":"https:\/\/albitar-medical.com\/genioplastie\/#breadcrumb","itemListElement":[{"@type":"ListItem","position":1,"name":"Accueil","item":"https:\/\/albitar-medical.com\/"},{"@type":"ListItem","position":2,"name":"G\u00e9nioplastie"}]},{"@type":"WebSite","@id":"https:\/\/albitar-medical.com\/#website","url":"https:\/\/albitar-medical.com\/","name":"Albitar medical","description":"","publisher":{"@id":"https:\/\/albitar-medical.com\/#organization"},"potentialAction":[{"@type":"SearchAction","target":{"@type":"EntryPoint","urlTemplate":"https:\/\/albitar-medical.com\/?s={search_term_string}"},"query-input":{"@type":"PropertyValueSpecification","valueRequired":true,"valueName":"search_term_string"}}],"inLanguage":"en-GB"},{"@type":"Organization","@id":"https:\/\/albitar-medical.com\/#organization","name":"Albitar medical","url":"https:\/\/albitar-medical.com\/","logo":{"@type":"ImageObject","inLanguage":"en-GB","@id":"https:\/\/albitar-medical.com\/#\/schema\/logo\/image\/","url":"https:\/\/albitar-medical.com\/wp-content\/uploads\/2025\/04\/logo-Albitar-medical.webp","contentUrl":"https:\/\/albitar-medical.com\/wp-content\/uploads\/2025\/04\/logo-Albitar-medical.webp","width":205,"height":205,"caption":"Albitar medical"},"image":{"@id":"https:\/\/albitar-medical.com\/#\/schema\/logo\/image\/"},"sameAs":["https:\/\/www.facebook.com\/people\/Albitar-Mdical\/61575324625851\/","https:\/\/www.linkedin.com\/company\/albitar-medical\/"]}]}},"_links":{"self":[{"href":"https:\/\/albitar-medical.com\/en\/wp-json\/wp\/v2\/pages\/1173","targetHints":{"allow":["GET"]}}],"collection":[{"href":"https:\/\/albitar-medical.com\/en\/wp-json\/wp\/v2\/pages"}],"about":[{"href":"https:\/\/albitar-medical.com\/en\/wp-json\/wp\/v2\/types\/page"}],"author":[{"embeddable":true,"href":"https:\/\/albitar-medical.com\/en\/wp-json\/wp\/v2\/users\/1"}],"replies":[{"embeddable":true,"href":"https:\/\/albitar-medical.com\/en\/wp-json\/wp\/v2\/comments?post=1173"}],"version-history":[{"count":3,"href":"https:\/\/albitar-medical.com\/en\/wp-json\/wp\/v2\/pages\/1173\/revisions"}],"predecessor-version":[{"id":1176,"href":"https:\/\/albitar-medical.com\/en\/wp-json\/wp\/v2\/pages\/1173\/revisions\/1176"}],"wp:attachment":[{"href":"https:\/\/albitar-medical.com\/en\/wp-json\/wp\/v2\/media?parent=1173"}],"curies":[{"name":"wp","href":"https:\/\/api.w.org\/{rel}","templated":true}]}}